{"id":306,"date":"2014-03-05T14:57:21","date_gmt":"2014-03-05T12:57:21","guid":{"rendered":"http:\/\/www.ingressio.at\/?page_id=306"},"modified":"2019-05-02T23:01:17","modified_gmt":"2019-05-02T21:01:17","slug":"team-2","status":"publish","type":"page","link":"https:\/\/www.ingressio.at\/?page_id=306","title":{"rendered":"Team"},"content":{"rendered":"<div class=\"align-right img-lh\"><a href=\"wp-content\/uploads\/team.jpg\"><img fetchpriority=\"high\" decoding=\"async\" class=\"title-img alignnone wp-image-541 size-full\" title=\"Titelbild der Kategorie Team\" src=\"https:\/\/www.ingressio.at\/wp-content\/uploads\/team-small.jpg\" alt=\"Titelbild der Kategorie Team\" width=\"920\" height=\"288\"><\/a><a class=\"link-nw img-caption\" title=\"Link zur Bildquelle pixabay - Autor rawpixel\" href=\"https:\/\/pixabay.com\/photos\/action-collaborate-collaboration-2277292\/\">pixabay | rawpixel<i class=\"fa fa-external-link link-symbol\"><\/i><\/a><\/div>\n<hr class=\"intro-hr\">\n<p><strong>Martin Rachoinig<\/strong><br \/>\nMobil: <a title=\"rufen Sie uns unter +43 (0) 664 345 55 63 an\" href=\"tel:+436643455563\">+43 (0) 664 345 55 63<\/a><br \/>\nE-Mail: <a title=\"kontaktieren Sie uns per Mail\" href=\"mailto:office@ingressio.at?subject=Anfrage+Ingressio&amp;body=Der+Inhalt+Ihrer+pers\u00f6nlichen+Nachricht.\">office@ingressio.at<\/a><\/p>\n<hr>\n<p><strong>Erika Rachoinig<\/strong><br \/>\nMobil: <a title=\"rufen Sie uns unter +43 (0) 680 322 95 75 an\" href=\"tel:+436803229575\">+43 (0) 680 322 95 75<\/a><br \/>\nE-Mail: <a title=\"kontaktieren Sie uns per Mail\" href=\"mailto:office@ingressio.at?subject=Anfrage+Ingressio&amp;body=Der+Inhalt+Ihrer+pers\u00f6nlichen+Nachricht.\">office@ingressio.at<\/a><\/p>\n<hr>\n<p class=\"align-justify\">Falls Sie Fragen\/W\u00fcnsche oder Anregungen haben, so w\u00fcrden wir uns freuen, wenn Sie uns pers\u00f6nlich z.B. per E-Mail oder im Zuge eines Anrufs kontaktieren.<\/p>\n","protected":false},"excerpt":{"rendered":"<p>pixabay | rawpixel Martin Rachoinig Mobil: +43 (0) 664 345 55 63 E-Mail: office@ingressio.at Erika Rachoinig Mobil: +43 (0) 680 322 95 75 E-Mail: office@ingressio.at Falls Sie Fragen\/W\u00fcnsche oder Anregungen haben, so w\u00fcrden wir uns freuen, wenn Sie uns pers\u00f6nlich z.B. per E-Mail oder im Zuge eines<\/p>\n","protected":false},"author":1,"featured_media":0,"parent":96,"menu_order":0,"comment_status":"open","ping_status":"open","template":"page-FullWidth.php","meta":{"footnotes":""},"class_list":["post-306","page","type-page","status-publish","hentry"],"_links":{"self":[{"href":"https:\/\/www.ingressio.at\/index.php?rest_route=\/wp\/v2\/pages\/306"}],"collection":[{"href":"https:\/\/www.ingressio.at\/index.php?rest_route=\/wp\/v2\/pages"}],"about":[{"href":"https:\/\/www.ingressio.at\/index.php?rest_route=\/wp\/v2\/types\/page"}],"author":[{"embeddable":true,"href":"https:\/\/www.ingressio.at\/index.php?rest_route=\/wp\/v2\/users\/1"}],"replies":[{"embeddable":true,"href":"https:\/\/www.ingressio.at\/index.php?rest_route=%2Fwp%2Fv2%2Fcomments&post=306"}],"version-history":[{"count":35,"href":"https:\/\/www.ingressio.at\/index.php?rest_route=\/wp\/v2\/pages\/306\/revisions"}],"predecessor-version":[{"id":1372,"href":"https:\/\/www.ingressio.at\/index.php?rest_route=\/wp\/v2\/pages\/306\/revisions\/1372"}],"up":[{"embeddable":true,"href":"https:\/\/www.ingressio.at\/index.php?rest_route=\/wp\/v2\/pages\/96"}],"wp:attachment":[{"href":"https:\/\/www.ingressio.at\/index.php?rest_route=%2Fwp%2Fv2%2Fmedia&parent=306"}],"curies":[{"name":"wp","href":"https:\/\/api.w.org\/{rel}","templated":true}]}}