{"id":2,"date":"2013-10-04T13:42:12","date_gmt":"2013-10-04T13:42:12","guid":{"rendered":""},"modified":"2019-05-02T23:00:47","modified_gmt":"2019-05-02T21:00:47","slug":"beispiel-seite","status":"publish","type":"page","link":"https:\/\/www.ingressio.at\/","title":{"rendered":"Home"},"content":{"rendered":"<p class=\"align-justify\">Willkommen bei <strong>I<span class=\"highlight-red\">n<\/span>gressio<\/strong>!<\/p>\n<p class=\"align-justify\">Sie bauen, renovieren oder m\u00f6chten Ihre R\u00e4umlichkeiten ver\u00e4ndern? Dann sind Sie bei<strong> I<span class=\"highlight-red\">n<\/span>gressio<\/strong> genau richtig.<\/p>\n<h3 class=\"align-justify\"><a title=\"Link zu unseren Produkten\" href=\"?page_id=251\">Lassen Sie sich inspirieren und treten Sie ein!<\/a><\/h3>\n<p class=\"align-justify\">Wir begeistern Sie durch die Qualit\u00e4t unsere T\u00fcren und M\u00f6beln, sowie die absolute Zuverl\u00e4ssigkeit und Flexibilit\u00e4t unseres erfahrenen Teams! <strong>I<span class=\"highlight-red\">n<\/span>gressio<\/strong> bietet ma\u00dfgeschneiderte T\u00fcren und M\u00f6beln vom Tischler, individuell und nach Ihren Vorstellungen f\u00fcr Sie geplant und gefertigt. Die optimale Zusammenarbeit zwischen unseren Tischlern, ausgestattet mit modernster CNC-Technik und unsere Fachkr\u00e4ften stellt sicher, dass Sie in Zukunft durch Ihre pers\u00f6nlich gestaltete Wunscht\u00fcr gehen.<\/p>\n<p class=\"align-justify\">Wir freuen uns auf Ihre Kontaktaktaufnahme und eine erfolgreiche Zusammenarbeit!<\/p>\n<p>Ihr <strong>I<span class=\"highlight-red\">n<\/span>gressio<\/strong> Team<\/p>\n","protected":false},"excerpt":{"rendered":"<p>Willkommen bei Ingressio! Sie bauen, renovieren oder m\u00f6chten Ihre R\u00e4umlichkeiten ver\u00e4ndern? Dann sind Sie bei Ingressio genau richtig. Lassen Sie sich inspirieren und treten Sie ein! Wir begeistern Sie durch die Qualit\u00e4t unsere T\u00fcren und M\u00f6beln, sowie die absolute Zuverl\u00e4ssigkeit und Flexibilit\u00e4t unseres erfahrenen Teams! Ingressio bietet<\/p>\n","protected":false},"author":1,"featured_media":0,"parent":0,"menu_order":0,"comment_status":"open","ping_status":"open","template":"page-FullWidth.php","meta":{"footnotes":""},"class_list":["post-2","page","type-page","status-publish","hentry"],"_links":{"self":[{"href":"https:\/\/www.ingressio.at\/index.php?rest_route=\/wp\/v2\/pages\/2"}],"collection":[{"href":"https:\/\/www.ingressio.at\/index.php?rest_route=\/wp\/v2\/pages"}],"about":[{"href":"https:\/\/www.ingressio.at\/index.php?rest_route=\/wp\/v2\/types\/page"}],"author":[{"embeddable":true,"href":"https:\/\/www.ingressio.at\/index.php?rest_route=\/wp\/v2\/users\/1"}],"replies":[{"embeddable":true,"href":"https:\/\/www.ingressio.at\/index.php?rest_route=%2Fwp%2Fv2%2Fcomments&post=2"}],"version-history":[{"count":43,"href":"https:\/\/www.ingressio.at\/index.php?rest_route=\/wp\/v2\/pages\/2\/revisions"}],"predecessor-version":[{"id":1376,"href":"https:\/\/www.ingressio.at\/index.php?rest_route=\/wp\/v2\/pages\/2\/revisions\/1376"}],"wp:attachment":[{"href":"https:\/\/www.ingressio.at\/index.php?rest_route=%2Fwp%2Fv2%2Fmedia&parent=2"}],"curies":[{"name":"wp","href":"https:\/\/api.w.org\/{rel}","templated":true}]}}